{"id":590,"date":"2020-03-27T19:37:03","date_gmt":"2020-03-27T22:37:03","guid":{"rendered":"http:\/\/veiga.law\/?page_id=590"},"modified":"2022-07-18T15:01:31","modified_gmt":"2022-07-18T18:01:31","slug":"sobre-2","status":"publish","type":"page","link":"https:\/\/veiga.law\/site2\/sobre-2\/","title":{"rendered":"Sobre"},"content":{"rendered":"\t\t<div data-elementor-type=\"wp-page\" data-elementor-id=\"590\" class=\"elementor elementor-590\">\n\t\t\t\t\t\t<div class=\"elementor-inner\">\n\t\t\t\t<div class=\"elementor-section-wrap\">\n\t\t\t\t\t\t\t\t\t<section class=\"elementor-section elementor-top-section elementor-element elementor-element-dfe2d31 elementor-section-full_width elementor-section-height-default elementor-section-height-default\" data-id=\"dfe2d31\" data-element_type=\"section\" data-settings=\"{&quot;background_background&quot;:&quot;classic&quot;}\">\n\t\t\t\t\t\t<div class=\"elementor-container elementor-column-gap-default\">\n\t\t\t\t\t\t\t<div class=\"elementor-row\">\n\t\t\t\t\t<div class=\"elementor-column elementor-col-50 elementor-top-column elementor-element elementor-element-eb56aae\" data-id=\"eb56aae\" data-element_type=\"column\" data-settings=\"{&quot;motion_fx_motion_fx_scrolling&quot;:&quot;yes&quot;,&quot;motion_fx_opacity_effect&quot;:&quot;yes&quot;,&quot;motion_fx_opacity_range&quot;:{&quot;unit&quot;:&quot;%&quot;,&quot;size&quot;:&quot;&quot;,&quot;sizes&quot;:{&quot;start&quot;:15,&quot;end&quot;:31}},&quot;motion_fx_opacity_direction&quot;:&quot;out-in&quot;,&quot;motion_fx_opacity_level&quot;:{&quot;unit&quot;:&quot;px&quot;,&quot;size&quot;:10,&quot;sizes&quot;:[]},&quot;motion_fx_devices&quot;:[&quot;desktop&quot;,&quot;tablet&quot;,&quot;mobile&quot;]}\">\n\t\t\t<div class=\"elementor-column-wrap elementor-element-populated\">\n\t\t\t\t\t\t\t<div class=\"elementor-widget-wrap\">\n\t\t\t\t\t\t<section class=\"elementor-section elementor-inner-section elementor-element elementor-element-9389f9c elementor-hidden-desktop elementor-hidden-tablet elementor-section-boxed elementor-section-height-default elementor-section-height-default\" data-id=\"9389f9c\" data-element_type=\"section\">\n\t\t\t\t\t\t<div class=\"elementor-container elementor-column-gap-default\">\n\t\t\t\t\t\t\t<div class=\"elementor-row\">\n\t\t\t\t\t<div class=\"elementor-column elementor-col-50 elementor-inner-column elementor-element elementor-element-5d4804a\" data-id=\"5d4804a\" data-element_type=\"column\">\n\t\t\t<div class=\"elementor-column-wrap elementor-element-populated\">\n\t\t\t\t\t\t\t<div class=\"elementor-widget-wrap\">\n\t\t\t\t\t\t<div class=\"elementor-element elementor-element-e8818e4 elementor-invisible elementor-widget elementor-widget-image\" data-id=\"e8818e4\" data-element_type=\"widget\" data-settings=\"{&quot;motion_fx_motion_fx_scrolling&quot;:&quot;yes&quot;,&quot;motion_fx_translateY_effect&quot;:&quot;yes&quot;,&quot;motion_fx_translateY_direction&quot;:&quot;negative&quot;,&quot;motion_fx_translateY_speed&quot;:{&quot;unit&quot;:&quot;px&quot;,&quot;size&quot;:1.6,&quot;sizes&quot;:[]},&quot;motion_fx_translateY_affectedRange&quot;:{&quot;unit&quot;:&quot;%&quot;,&quot;size&quot;:&quot;&quot;,&quot;sizes&quot;:{&quot;start&quot;:22,&quot;end&quot;:89}},&quot;_animation&quot;:&quot;fadeIn&quot;,&quot;motion_fx_devices&quot;:[&quot;desktop&quot;,&quot;tablet&quot;,&quot;mobile&quot;]}\" data-widget_type=\"image.default\">\n\t\t\t\t<div class=\"elementor-widget-container\">\n\t\t\t\t\t\t\t\t<div class=\"elementor-image\">\n\t\t\t\t\t\t\t\t\t\t\t\t<img width=\"400\" height=\"400\" src=\"https:\/\/veiga.law\/site2\/wp-content\/uploads\/2020\/05\/Origami-veiga.jpg\" class=\"attachment-large size-large\" alt=\"\" loading=\"lazy\" srcset=\"https:\/\/veiga.law\/site2\/wp-content\/uploads\/2020\/05\/Origami-veiga.jpg 400w, https:\/\/veiga.law\/site2\/wp-content\/uploads\/2020\/05\/Origami-veiga-300x300.jpg 300w, https:\/\/veiga.law\/site2\/wp-content\/uploads\/2020\/05\/Origami-veiga-150x150.jpg 150w\" sizes=\"(max-width: 400px) 100vw, 400px\" \/>\t\t\t\t\t\t\t\t\t\t\t\t\t\t<\/div>\n\t\t\t\t\t\t<\/div>\n\t\t\t\t<\/div>\n\t\t\t\t\t\t<\/div>\n\t\t\t\t\t<\/div>\n\t\t<\/div>\n\t\t\t\t<div class=\"elementor-column elementor-col-50 elementor-inner-column elementor-element elementor-element-76a5af8\" data-id=\"76a5af8\" data-element_type=\"column\">\n\t\t\t<div class=\"elementor-column-wrap elementor-element-populated\">\n\t\t\t\t\t\t\t<div class=\"elementor-widget-wrap\">\n\t\t\t\t\t\t<div class=\"elementor-element elementor-element-4c86c1a elementor-invisible elementor-widget elementor-widget-image\" data-id=\"4c86c1a\" data-element_type=\"widget\" data-settings=\"{&quot;motion_fx_motion_fx_scrolling&quot;:&quot;yes&quot;,&quot;_animation&quot;:&quot;fadeIn&quot;,&quot;_animation_delay&quot;:0,&quot;motion_fx_devices&quot;:[&quot;desktop&quot;,&quot;tablet&quot;,&quot;mobile&quot;]}\" data-widget_type=\"image.default\">\n\t\t\t\t<div class=\"elementor-widget-container\">\n\t\t\t\t\t\t\t\t<div class=\"elementor-image\">\n\t\t\t\t\t\t\t\t\t\t\t\t<img width=\"600\" height=\"600\" src=\"https:\/\/veiga.law\/site2\/wp-content\/uploads\/2020\/05\/foto-eiffel-2.png\" class=\"attachment-large size-large\" alt=\"\" loading=\"lazy\" srcset=\"https:\/\/veiga.law\/site2\/wp-content\/uploads\/2020\/05\/foto-eiffel-2.png 600w, https:\/\/veiga.law\/site2\/wp-content\/uploads\/2020\/05\/foto-eiffel-2-300x300.png 300w, https:\/\/veiga.law\/site2\/wp-content\/uploads\/2020\/05\/foto-eiffel-2-150x150.png 150w\" sizes=\"(max-width: 600px) 100vw, 600px\" \/>\t\t\t\t\t\t\t\t\t\t\t\t\t\t<\/div>\n\t\t\t\t\t\t<\/div>\n\t\t\t\t<\/div>\n\t\t\t\t\t\t<\/div>\n\t\t\t\t\t<\/div>\n\t\t<\/div>\n\t\t\t\t\t\t\t\t<\/div>\n\t\t\t\t\t<\/div>\n\t\t<\/section>\n\t\t\t\t<div class=\"elementor-element elementor-element-fb62b38 elementor-widget elementor-widget-text-editor\" data-id=\"fb62b38\" data-element_type=\"widget\" data-widget_type=\"text-editor.default\">\n\t\t\t\t<div class=\"elementor-widget-container\">\n\t\t\t\t\t\t\t\t<div class=\"elementor-text-editor elementor-clearfix\">\n\t\t\t\t<p>quem somos<\/p>\t\t\t\t\t<\/div>\n\t\t\t\t\t\t<\/div>\n\t\t\t\t<\/div>\n\t\t\t\t<div class=\"elementor-element elementor-element-fa9b6a9 elementor-widget elementor-widget-text-editor\" data-id=\"fa9b6a9\" data-element_type=\"widget\" data-widget_type=\"text-editor.default\">\n\t\t\t\t<div class=\"elementor-widget-container\">\n\t\t\t\t\t\t\t\t<div class=\"elementor-text-editor elementor-clearfix\">\n\t\t\t\t<p>O <strong>VEIGA ADVOGADOS<\/strong> \u00e9 um escrit\u00f3rio boutique de direito com profissionais altamente capacitados e especializados nas mais diversas \u00e1reas da advocacia e esferas multidisciplinares, que se convergem em atua\u00e7\u00f5es alinhadas \u00e0s necessidades de nossos parceiros e clientes.<br \/><br \/>Nossa organiza\u00e7\u00e3o conta com quatro unidades nas cidades de Santo Andr\u00e9, S\u00e3o Paulo, Recife e Miami (EUA), mais de 20 profissionais altamente qualificados, diversos clientes nacionais e internacionais de grande e m\u00e9dio porte, sendo o representante de dezenas de empresas estrangeiras em territ\u00f3rio nacional e com uma significativa atua\u00e7\u00e3o pr\u00f3 bono para pessoas e organiza\u00e7\u00f5es em situa\u00e7\u00e3o de vulnerabilidade econ\u00f4mica e social, resultando em um crescimento m\u00e9dio estimado em 42% ao ano.<br \/><br \/>Conectados com as pessoas, com o mundo atual e seus novos movimentos sociais, o time de especialistas do <strong>VEIGA ADVOGADOS<\/strong> se apoia na tradi\u00e7\u00e3o de seus alicerces para propor um novo direito com olhar abrangente e percep\u00e7\u00e3o agu\u00e7ada para as demandas e oportunidades geradas pelo atual sistema. <br \/><br \/>Entregamos solu\u00e7\u00f5es jur\u00eddicas com precis\u00e3o, efic\u00e1cia e alta performance que a atualidade exige. A diversidade, que se apresenta cada vez mais forte e mais comum em todas as \u00e1reas da sociedade exige uma nova forma de enxergar, atuar e nos posicionar dentro do menor tempo poss\u00edvel de forma segura e precisa.<br \/><br \/>As novas conex\u00f5es que nascem dessa variedade de pessoas, hist\u00f3rias e experi\u00eancias s\u00f3 nos enriquece, tornando nosso neg\u00f3cio mais abrangente e emp\u00e1tico, sustentando a caracter\u00edstica de sermos, por excel\u00eancia, formadores de talentos com comprometimento profissional e consci\u00eancia social. <br \/><br \/>O <strong>VEIGA ADVOGADOS<\/strong> atua em favor do bem-estar e das rela\u00e7\u00f5es entre pessoas e organiza\u00e7\u00f5es, deixando \u2013 dentro do poss\u00edvel \u2013 as regras est\u00e1ticas e formalidades para tr\u00e1s. Se \u00e9 poss\u00edvel tornar o direito mais atual, flex\u00edvel e sofisticado, o VEIGA ADVOGADOS abra\u00e7a com orgulho essa bandeira.<br \/><br \/>Somos a pr\u00f3pria transforma\u00e7\u00e3o em busca de um direito mais humano, mais conectado e com mais resultados.<br \/><br \/><strong>SOMOS VEIGA ADVOGADOS<\/strong>.<\/p>\t\t\t\t\t<\/div>\n\t\t\t\t\t\t<\/div>\n\t\t\t\t<\/div>\n\t\t\t\t\t\t<\/div>\n\t\t\t\t\t<\/div>\n\t\t<\/div>\n\t\t\t\t<div class=\"elementor-column elementor-col-50 elementor-top-column elementor-element elementor-element-9058ec7\" data-id=\"9058ec7\" data-element_type=\"column\">\n\t\t\t<div class=\"elementor-column-wrap elementor-element-populated\">\n\t\t\t\t\t\t\t<div class=\"elementor-widget-wrap\">\n\t\t\t\t\t\t<section class=\"elementor-section elementor-inner-section elementor-element elementor-element-54d5af0 elementor-section-full_width elementor-hidden-phone elementor-section-height-default elementor-section-height-default\" data-id=\"54d5af0\" data-element_type=\"section\">\n\t\t\t\t\t\t<div class=\"elementor-container elementor-column-gap-default\">\n\t\t\t\t\t\t\t<div class=\"elementor-row\">\n\t\t\t\t\t<div class=\"elementor-column elementor-col-50 elementor-inner-column elementor-element elementor-element-84fe4c8\" data-id=\"84fe4c8\" data-element_type=\"column\">\n\t\t\t<div class=\"elementor-column-wrap elementor-element-populated\">\n\t\t\t\t\t\t\t<div class=\"elementor-widget-wrap\">\n\t\t\t\t\t\t<div class=\"elementor-element elementor-element-5bfc5f1 elementor-invisible elementor-widget elementor-widget-image\" data-id=\"5bfc5f1\" data-element_type=\"widget\" data-settings=\"{&quot;motion_fx_motion_fx_scrolling&quot;:&quot;yes&quot;,&quot;motion_fx_translateY_effect&quot;:&quot;yes&quot;,&quot;motion_fx_translateY_direction&quot;:&quot;negative&quot;,&quot;motion_fx_translateY_speed&quot;:{&quot;unit&quot;:&quot;px&quot;,&quot;size&quot;:3,&quot;sizes&quot;:[]},&quot;motion_fx_translateY_affectedRange&quot;:{&quot;unit&quot;:&quot;%&quot;,&quot;size&quot;:&quot;&quot;,&quot;sizes&quot;:{&quot;start&quot;:22,&quot;end&quot;:100}},&quot;_animation&quot;:&quot;fadeIn&quot;,&quot;motion_fx_devices&quot;:[&quot;desktop&quot;,&quot;tablet&quot;,&quot;mobile&quot;]}\" data-widget_type=\"image.default\">\n\t\t\t\t<div class=\"elementor-widget-container\">\n\t\t\t\t\t\t\t\t<div class=\"elementor-image\">\n\t\t\t\t\t\t\t\t\t\t\t\t<img width=\"400\" height=\"400\" src=\"https:\/\/veiga.law\/site2\/wp-content\/uploads\/2020\/05\/Origami-veiga.jpg\" class=\"attachment-large size-large\" alt=\"\" loading=\"lazy\" srcset=\"https:\/\/veiga.law\/site2\/wp-content\/uploads\/2020\/05\/Origami-veiga.jpg 400w, https:\/\/veiga.law\/site2\/wp-content\/uploads\/2020\/05\/Origami-veiga-300x300.jpg 300w, https:\/\/veiga.law\/site2\/wp-content\/uploads\/2020\/05\/Origami-veiga-150x150.jpg 150w\" sizes=\"(max-width: 400px) 100vw, 400px\" \/>\t\t\t\t\t\t\t\t\t\t\t\t\t\t<\/div>\n\t\t\t\t\t\t<\/div>\n\t\t\t\t<\/div>\n\t\t\t\t\t\t<\/div>\n\t\t\t\t\t<\/div>\n\t\t<\/div>\n\t\t\t\t<div class=\"elementor-column elementor-col-50 elementor-inner-column elementor-element elementor-element-b8f70ec\" data-id=\"b8f70ec\" data-element_type=\"column\">\n\t\t\t<div class=\"elementor-column-wrap elementor-element-populated\">\n\t\t\t\t\t\t\t<div class=\"elementor-widget-wrap\">\n\t\t\t\t\t\t<div class=\"elementor-element elementor-element-7c87fb3 elementor-invisible elementor-widget elementor-widget-image\" data-id=\"7c87fb3\" data-element_type=\"widget\" data-settings=\"{&quot;motion_fx_motion_fx_scrolling&quot;:&quot;yes&quot;,&quot;_animation&quot;:&quot;fadeIn&quot;,&quot;_animation_delay&quot;:0,&quot;motion_fx_devices&quot;:[&quot;desktop&quot;,&quot;tablet&quot;,&quot;mobile&quot;]}\" data-widget_type=\"image.default\">\n\t\t\t\t<div class=\"elementor-widget-container\">\n\t\t\t\t\t\t\t\t<div class=\"elementor-image\">\n\t\t\t\t\t\t\t\t\t\t\t\t<img width=\"600\" height=\"600\" src=\"https:\/\/veiga.law\/site2\/wp-content\/uploads\/2020\/05\/foto-eiffel-2.png\" class=\"attachment-large size-large\" alt=\"\" loading=\"lazy\" srcset=\"https:\/\/veiga.law\/site2\/wp-content\/uploads\/2020\/05\/foto-eiffel-2.png 600w, https:\/\/veiga.law\/site2\/wp-content\/uploads\/2020\/05\/foto-eiffel-2-300x300.png 300w, https:\/\/veiga.law\/site2\/wp-content\/uploads\/2020\/05\/foto-eiffel-2-150x150.png 150w\" sizes=\"(max-width: 600px) 100vw, 600px\" \/>\t\t\t\t\t\t\t\t\t\t\t\t\t\t<\/div>\n\t\t\t\t\t\t<\/div>\n\t\t\t\t<\/div>\n\t\t\t\t\t\t<\/div>\n\t\t\t\t\t<\/div>\n\t\t<\/div>\n\t\t\t\t\t\t\t\t<\/div>\n\t\t\t\t\t<\/div>\n\t\t<\/section>\n\t\t\t\t\t\t<\/div>\n\t\t\t\t\t<\/div>\n\t\t<\/div>\n\t\t\t\t\t\t\t\t<\/div>\n\t\t\t\t\t<\/div>\n\t\t<\/section>\n\t\t\t\t<section class=\"elementor-section elementor-top-section elementor-element elementor-element-aa80522 elementor-section-height-min-height elementor-section-full_width elementor-hidden-phone elementor-section-height-default elementor-section-items-middle\" data-id=\"aa80522\" data-element_type=\"section\" data-settings=\"{&quot;background_background&quot;:&quot;classic&quot;}\">\n\t\t\t\t\t\t\t<div class=\"elementor-background-overlay\"><\/div>\n\t\t\t\t\t\t\t<div class=\"elementor-container elementor-column-gap-default\">\n\t\t\t\t\t\t\t<div class=\"elementor-row\">\n\t\t\t\t\t<div class=\"elementor-column elementor-col-100 elementor-top-column elementor-element elementor-element-6a7bbde\" data-id=\"6a7bbde\" data-element_type=\"column\" data-settings=\"{&quot;motion_fx_motion_fx_scrolling&quot;:&quot;yes&quot;,&quot;motion_fx_opacity_effect&quot;:&quot;yes&quot;,&quot;motion_fx_opacity_range&quot;:{&quot;unit&quot;:&quot;%&quot;,&quot;size&quot;:&quot;&quot;,&quot;sizes&quot;:{&quot;start&quot;:15,&quot;end&quot;:31}},&quot;motion_fx_opacity_direction&quot;:&quot;out-in&quot;,&quot;motion_fx_opacity_level&quot;:{&quot;unit&quot;:&quot;px&quot;,&quot;size&quot;:10,&quot;sizes&quot;:[]},&quot;motion_fx_devices&quot;:[&quot;desktop&quot;,&quot;tablet&quot;,&quot;mobile&quot;]}\">\n\t\t\t<div class=\"elementor-column-wrap elementor-element-populated\">\n\t\t\t\t\t\t\t<div class=\"elementor-widget-wrap\">\n\t\t\t\t\t\t<div class=\"elementor-element elementor-element-5bfa92a elementor-aspect-ratio-219 elementor-widget elementor-widget-video\" data-id=\"5bfa92a\" data-element_type=\"widget\" data-settings=\"{&quot;video_type&quot;:&quot;hosted&quot;,&quot;autoplay&quot;:&quot;yes&quot;,&quot;mute&quot;:&quot;yes&quot;,&quot;loop&quot;:&quot;yes&quot;,&quot;aspect_ratio&quot;:&quot;219&quot;}\" data-widget_type=\"video.default\">\n\t\t\t\t<div class=\"elementor-widget-container\">\n\t\t\t\t\t<div class=\"e-hosted-video elementor-wrapper elementor-fit-aspect-ratio elementor-open-inline\">\n\t\t\t\t\t<video class=\"elementor-video\" src=\"https:\/\/veiga.law\/wp-content\/uploads\/2020\/05\/Manifesto-Desk-FInal1.mp4\" autoplay=\"\" loop=\"\" muted=\"muted\" controlsList=\"nodownload\"><\/video>\n\t\t\t\t<\/div>\n\t\t\t\t<\/div>\n\t\t\t\t<\/div>\n\t\t\t\t\t\t<\/div>\n\t\t\t\t\t<\/div>\n\t\t<\/div>\n\t\t\t\t\t\t\t\t<\/div>\n\t\t\t\t\t<\/div>\n\t\t<\/section>\n\t\t\t\t<section class=\"elementor-section elementor-top-section elementor-element elementor-element-ab877ff elementor-section-height-min-height elementor-section-full_width elementor-hidden-desktop elementor-hidden-tablet elementor-section-height-default elementor-section-items-middle\" data-id=\"ab877ff\" data-element_type=\"section\" data-settings=\"{&quot;background_background&quot;:&quot;classic&quot;}\">\n\t\t\t\t\t\t\t<div class=\"elementor-background-overlay\"><\/div>\n\t\t\t\t\t\t\t<div class=\"elementor-container elementor-column-gap-default\">\n\t\t\t\t\t\t\t<div class=\"elementor-row\">\n\t\t\t\t\t<div class=\"elementor-column elementor-col-100 elementor-top-column elementor-element elementor-element-0348993\" data-id=\"0348993\" data-element_type=\"column\">\n\t\t\t<div class=\"elementor-column-wrap elementor-element-populated\">\n\t\t\t\t\t\t\t<div class=\"elementor-widget-wrap\">\n\t\t\t\t\t\t<div class=\"elementor-element elementor-element-d06bf21 elementor-aspect-ratio-219 elementor-widget elementor-widget-video\" data-id=\"d06bf21\" data-element_type=\"widget\" data-settings=\"{&quot;video_type&quot;:&quot;hosted&quot;,&quot;autoplay&quot;:&quot;yes&quot;,&quot;play_on_mobile&quot;:&quot;yes&quot;,&quot;loop&quot;:&quot;yes&quot;,&quot;aspect_ratio&quot;:&quot;219&quot;}\" data-widget_type=\"video.default\">\n\t\t\t\t<div class=\"elementor-widget-container\">\n\t\t\t\t\t<div class=\"e-hosted-video elementor-wrapper elementor-fit-aspect-ratio elementor-open-inline\">\n\t\t\t\t\t<video class=\"elementor-video\" src=\"https:\/\/veiga.law\/wp-content\/uploads\/2020\/05\/Manifesto-Mob-Final1.mp4\" autoplay=\"\" loop=\"\" playsinline=\"\" controlsList=\"nodownload\"><\/video>\n\t\t\t\t<\/div>\n\t\t\t\t<\/div>\n\t\t\t\t<\/div>\n\t\t\t\t\t\t<\/div>\n\t\t\t\t\t<\/div>\n\t\t<\/div>\n\t\t\t\t\t\t\t\t<\/div>\n\t\t\t\t\t<\/div>\n\t\t<\/section>\n\t\t\t\t\t\t\t\t\t<\/div>\n\t\t\t<\/div>\n\t\t\t\t\t<\/div>\n\t\t","protected":false},"excerpt":{"rendered":"<p>quem somos O VEIGA ADVOGADOS \u00e9 um escrit\u00f3rio boutique de direito com profissionais altamente capacitados e especializados nas mais diversas \u00e1reas da advocacia e esferas multidisciplinares, que se convergem em atua\u00e7\u00f5es alinhadas \u00e0s necessidades de nossos parceiros e clientes. Nossa organiza\u00e7\u00e3o conta com quatro unidades nas cidades de Santo Andr\u00e9, S\u00e3o Paulo, Recife e Miami [&hellip;]<\/p>\n","protected":false},"author":5,"featured_media":0,"parent":0,"menu_order":0,"comment_status":"closed","ping_status":"closed","template":"elementor_header_footer","meta":[],"acf":[],"yoast_head":"<!-- This site is optimized with the Yoast SEO plugin v19.4 - https:\/\/yoast.com\/wordpress\/plugins\/seo\/ -->\n<title>Sobre - TESTE<\/title>\n<meta name=\"robots\" content=\"index, follow, max-snippet:-1, max-image-preview:large, max-video-preview:-1\" \/>\n<link rel=\"canonical\" href=\"https:\/\/veiga.law\/site2\/sobre-2\/\" \/>\n<meta property=\"og:locale\" content=\"pt_BR\" \/>\n<meta property=\"og:type\" content=\"article\" \/>\n<meta property=\"og:title\" content=\"Sobre - TESTE\" \/>\n<meta property=\"og:description\" content=\"quem somos O VEIGA ADVOGADOS \u00e9 um escrit\u00f3rio boutique de direito com profissionais altamente capacitados e especializados nas mais diversas \u00e1reas da advocacia e esferas multidisciplinares, que se convergem em atua\u00e7\u00f5es alinhadas \u00e0s necessidades de nossos parceiros e clientes. Nossa organiza\u00e7\u00e3o conta com quatro unidades nas cidades de Santo Andr\u00e9, S\u00e3o Paulo, Recife e Miami [&hellip;]\" \/>\n<meta property=\"og:url\" content=\"https:\/\/veiga.law\/site2\/sobre-2\/\" \/>\n<meta property=\"og:site_name\" content=\"TESTE\" \/>\n<meta property=\"article:modified_time\" content=\"2022-07-18T18:01:31+00:00\" \/>\n<meta property=\"og:image\" content=\"https:\/\/veiga.law\/wp-content\/uploads\/2020\/05\/Origami-veiga.jpg\" \/>\n<meta name=\"twitter:card\" content=\"summary_large_image\" \/>\n<meta name=\"twitter:label1\" content=\"Est. tempo de leitura\" \/>\n\t<meta name=\"twitter:data1\" content=\"3 minutos\" \/>\n<script type=\"application\/ld+json\" class=\"yoast-schema-graph\">{\"@context\":\"https:\/\/schema.org\",\"@graph\":[{\"@type\":\"WebSite\",\"@id\":\"https:\/\/veiga.law\/site2\/#website\",\"url\":\"https:\/\/veiga.law\/site2\/\",\"name\":\"TESTE\",\"description\":\"Boutique de Direito Empresarial em S\u00e3o Paulo, Santo Andr\u00e9, Recife e Miami\",\"potentialAction\":[{\"@type\":\"SearchAction\",\"target\":{\"@type\":\"EntryPoint\",\"urlTemplate\":\"https:\/\/veiga.law\/site2\/?s={search_term_string}\"},\"query-input\":\"required name=search_term_string\"}],\"inLanguage\":\"pt-BR\"},{\"@type\":\"WebPage\",\"@id\":\"https:\/\/veiga.law\/site2\/sobre-2\/\",\"url\":\"https:\/\/veiga.law\/site2\/sobre-2\/\",\"name\":\"Sobre - TESTE\",\"isPartOf\":{\"@id\":\"https:\/\/veiga.law\/site2\/#website\"},\"datePublished\":\"2020-03-27T22:37:03+00:00\",\"dateModified\":\"2022-07-18T18:01:31+00:00\",\"breadcrumb\":{\"@id\":\"https:\/\/veiga.law\/site2\/sobre-2\/#breadcrumb\"},\"inLanguage\":\"pt-BR\",\"potentialAction\":[{\"@type\":\"ReadAction\",\"target\":[\"https:\/\/veiga.law\/site2\/sobre-2\/\"]}]},{\"@type\":\"BreadcrumbList\",\"@id\":\"https:\/\/veiga.law\/site2\/sobre-2\/#breadcrumb\",\"itemListElement\":[{\"@type\":\"ListItem\",\"position\":1,\"name\":\"In\u00edcio\",\"item\":\"https:\/\/veiga.law\/site2\/\"},{\"@type\":\"ListItem\",\"position\":2,\"name\":\"Sobre\"}]}]}<\/script>\n<!-- \/ Yoast SEO plugin. -->","yoast_head_json":{"title":"Sobre - TESTE","robots":{"index":"index","follow":"follow","max-snippet":"max-snippet:-1","max-image-preview":"max-image-preview:large","max-video-preview":"max-video-preview:-1"},"canonical":"https:\/\/veiga.law\/site2\/sobre-2\/","og_locale":"pt_BR","og_type":"article","og_title":"Sobre - TESTE","og_description":"quem somos O VEIGA ADVOGADOS \u00e9 um escrit\u00f3rio boutique de direito com profissionais altamente capacitados e especializados nas mais diversas \u00e1reas da advocacia e esferas multidisciplinares, que se convergem em atua\u00e7\u00f5es alinhadas \u00e0s necessidades de nossos parceiros e clientes. Nossa organiza\u00e7\u00e3o conta com quatro unidades nas cidades de Santo Andr\u00e9, S\u00e3o Paulo, Recife e Miami [&hellip;]","og_url":"https:\/\/veiga.law\/site2\/sobre-2\/","og_site_name":"TESTE","article_modified_time":"2022-07-18T18:01:31+00:00","og_image":[{"url":"https:\/\/veiga.law\/wp-content\/uploads\/2020\/05\/Origami-veiga.jpg"}],"twitter_card":"summary_large_image","twitter_misc":{"Est. tempo de leitura":"3 minutos"},"schema":{"@context":"https:\/\/schema.org","@graph":[{"@type":"WebSite","@id":"https:\/\/veiga.law\/site2\/#website","url":"https:\/\/veiga.law\/site2\/","name":"TESTE","description":"Boutique de Direito Empresarial em S\u00e3o Paulo, Santo Andr\u00e9, Recife e Miami","potentialAction":[{"@type":"SearchAction","target":{"@type":"EntryPoint","urlTemplate":"https:\/\/veiga.law\/site2\/?s={search_term_string}"},"query-input":"required name=search_term_string"}],"inLanguage":"pt-BR"},{"@type":"WebPage","@id":"https:\/\/veiga.law\/site2\/sobre-2\/","url":"https:\/\/veiga.law\/site2\/sobre-2\/","name":"Sobre - TESTE","isPartOf":{"@id":"https:\/\/veiga.law\/site2\/#website"},"datePublished":"2020-03-27T22:37:03+00:00","dateModified":"2022-07-18T18:01:31+00:00","breadcrumb":{"@id":"https:\/\/veiga.law\/site2\/sobre-2\/#breadcrumb"},"inLanguage":"pt-BR","potentialAction":[{"@type":"ReadAction","target":["https:\/\/veiga.law\/site2\/sobre-2\/"]}]},{"@type":"BreadcrumbList","@id":"https:\/\/veiga.law\/site2\/sobre-2\/#breadcrumb","itemListElement":[{"@type":"ListItem","position":1,"name":"In\u00edcio","item":"https:\/\/veiga.law\/site2\/"},{"@type":"ListItem","position":2,"name":"Sobre"}]}]}},"_links":{"self":[{"href":"https:\/\/veiga.law\/site2\/wp-json\/wp\/v2\/pages\/590"}],"collection":[{"href":"https:\/\/veiga.law\/site2\/wp-json\/wp\/v2\/pages"}],"about":[{"href":"https:\/\/veiga.law\/site2\/wp-json\/wp\/v2\/types\/page"}],"author":[{"embeddable":true,"href":"https:\/\/veiga.law\/site2\/wp-json\/wp\/v2\/users\/5"}],"replies":[{"embeddable":true,"href":"https:\/\/veiga.law\/site2\/wp-json\/wp\/v2\/comments?post=590"}],"version-history":[{"count":131,"href":"https:\/\/veiga.law\/site2\/wp-json\/wp\/v2\/pages\/590\/revisions"}],"predecessor-version":[{"id":5001,"href":"https:\/\/veiga.law\/site2\/wp-json\/wp\/v2\/pages\/590\/revisions\/5001"}],"wp:attachment":[{"href":"https:\/\/veiga.law\/site2\/wp-json\/wp\/v2\/media?parent=590"}],"curies":[{"name":"wp","href":"https:\/\/api.w.org\/{rel}","templated":true}]}}