{"id":1738,"date":"2020-04-23T18:23:10","date_gmt":"2020-04-23T21:23:10","guid":{"rendered":"http:\/\/veiga.law\/?page_id=1738"},"modified":"2020-05-20T13:45:17","modified_gmt":"2020-05-20T16:45:17","slug":"veiga-social","status":"publish","type":"page","link":"https:\/\/veiga.law\/site2\/veiga-social\/","title":{"rendered":"veiga social"},"content":{"rendered":"\t\t<div data-elementor-type=\"wp-page\" data-elementor-id=\"1738\" class=\"elementor elementor-1738\">\n\t\t\t\t\t\t<div class=\"elementor-inner\">\n\t\t\t\t<div class=\"elementor-section-wrap\">\n\t\t\t\t\t\t\t\t\t<section class=\"elementor-section elementor-top-section elementor-element elementor-element-82e366b elementor-section-full_width elementor-section-height-default elementor-section-height-default\" data-id=\"82e366b\" data-element_type=\"section\" data-settings=\"{&quot;background_background&quot;:&quot;classic&quot;}\">\n\t\t\t\t\t\t<div class=\"elementor-container elementor-column-gap-default\">\n\t\t\t\t\t\t\t<div class=\"elementor-row\">\n\t\t\t\t\t<div class=\"elementor-column elementor-col-50 elementor-top-column elementor-element elementor-element-bb4a2ba elementor-invisible\" data-id=\"bb4a2ba\" data-element_type=\"column\" data-settings=\"{&quot;animation&quot;:&quot;fadeIn&quot;,&quot;animation_delay&quot;:0,&quot;motion_fx_motion_fx_scrolling&quot;:&quot;yes&quot;,&quot;motion_fx_opacity_effect&quot;:&quot;yes&quot;,&quot;motion_fx_opacity_range&quot;:{&quot;unit&quot;:&quot;%&quot;,&quot;size&quot;:&quot;&quot;,&quot;sizes&quot;:{&quot;start&quot;:15,&quot;end&quot;:31}},&quot;motion_fx_opacity_direction&quot;:&quot;out-in&quot;,&quot;motion_fx_opacity_level&quot;:{&quot;unit&quot;:&quot;px&quot;,&quot;size&quot;:10,&quot;sizes&quot;:[]},&quot;motion_fx_devices&quot;:[&quot;desktop&quot;,&quot;tablet&quot;,&quot;mobile&quot;]}\">\n\t\t\t<div class=\"elementor-column-wrap elementor-element-populated\">\n\t\t\t\t\t\t\t<div class=\"elementor-widget-wrap\">\n\t\t\t\t\t\t<div class=\"elementor-element elementor-element-4008ee3 elementor-widget elementor-widget-text-editor\" data-id=\"4008ee3\" data-element_type=\"widget\" data-settings=\"{&quot;_animation&quot;:&quot;none&quot;}\" data-widget_type=\"text-editor.default\">\n\t\t\t\t<div class=\"elementor-widget-container\">\n\t\t\t\t\t\t\t\t<div class=\"elementor-text-editor elementor-clearfix\">\n\t\t\t\t<p>veiga social<\/p>\t\t\t\t\t<\/div>\n\t\t\t\t\t\t<\/div>\n\t\t\t\t<\/div>\n\t\t\t\t<div class=\"elementor-element elementor-element-24220dc elementor-widget elementor-widget-text-editor\" data-id=\"24220dc\" data-element_type=\"widget\" data-settings=\"{&quot;_animation&quot;:&quot;none&quot;,&quot;_animation_delay&quot;:750}\" data-widget_type=\"text-editor.default\">\n\t\t\t\t<div class=\"elementor-widget-container\">\n\t\t\t\t\t\t\t\t<div class=\"elementor-text-editor elementor-clearfix\">\n\t\t\t\t<p>Transformando vidas atrav\u00e9s do senso <br \/>humanit\u00e1rio que move nossas conex\u00f5es.<\/p>\t\t\t\t\t<\/div>\n\t\t\t\t\t\t<\/div>\n\t\t\t\t<\/div>\n\t\t\t\t<div class=\"elementor-element elementor-element-64c09d5 elementor-hidden-phone elementor-widget elementor-widget-text-editor\" data-id=\"64c09d5\" data-element_type=\"widget\" data-settings=\"{&quot;_animation&quot;:&quot;none&quot;,&quot;_animation_delay&quot;:1500}\" data-widget_type=\"text-editor.default\">\n\t\t\t\t<div class=\"elementor-widget-container\">\n\t\t\t\t\t\t\t\t<div class=\"elementor-text-editor elementor-clearfix\">\n\t\t\t\t<p>N\u00e3o h\u00e1 conex\u00e3o maior que nosso senso de humanidade. A VEIGA SOCIAL atua de forma filantr\u00f3pica na busca por um mundo melhor, seja com educa\u00e7\u00e3o, tecnologia ou inova\u00e7\u00e3o. Colaborar com os menos privilegiados \u00e9 a melhor forma de incentivar que verdadeiros talentos sejam semeados e desenvolvidos. Acreditamos que muitos projetos precisam apenas do incentivo necess\u00e1rio para se tornarem algo concreto e transformador.<\/p><p>J\u00e1 temos alguns projetos incentivados, seja com material escolar, cestas b\u00e1sicas ou at\u00e9 consultoria para novas empresas que n\u00e3o t\u00eam o preparo necess\u00e1rio para tirar seus projetos da incubadora.<\/p><p>Est\u00e1 no nosso DNA a busca por um mundo melhor, focado em desenvolvimento e colabora\u00e7\u00e3o, e, nossa ess\u00eancia em agir dando ao pr\u00f3ximo o incentivo que ele precisa.<\/p>\t\t\t\t\t<\/div>\n\t\t\t\t\t\t<\/div>\n\t\t\t\t<\/div>\n\t\t\t\t<div class=\"elementor-element elementor-element-ce01fa2 elementor-hidden-desktop elementor-hidden-tablet elementor-widget elementor-widget-text-editor\" data-id=\"ce01fa2\" data-element_type=\"widget\" data-settings=\"{&quot;_animation&quot;:&quot;none&quot;,&quot;_animation_delay&quot;:1500}\" data-widget_type=\"text-editor.default\">\n\t\t\t\t<div class=\"elementor-widget-container\">\n\t\t\t\t\t\t\t\t<div class=\"elementor-text-editor elementor-clearfix\">\n\t\t\t\t<p>N\u00e3o h\u00e1 conex\u00e3o maior que nosso senso de humanidade. A VEIGA SOCIAL atua de forma filantr\u00f3pica na busca por um mundo melhor, seja com educa\u00e7\u00e3o, tecnologia ou inova\u00e7\u00e3o. Colaborar com os menos privilegiados \u00e9 a melhor forma de incentivar que verdadeiros talentos sejam semeados e desenvolvidos. Acreditamos que muitos projetos precisam apenas do incentivo necess\u00e1rio para se tornarem algo concreto e transformador.<\/p><p>J\u00e1 temos alguns projetos incentivados, seja com material escolar, cestas b\u00e1sicas ou at\u00e9 consultoria para novas empresas que n\u00e3o t\u00eam o preparo necess\u00e1rio para tirar seus projetos da incubadora.<\/p><p>Est\u00e1 no nosso DNA a busca por um mundo melhor, focado em desenvolvimento e colabora\u00e7\u00e3o, e, nossa ess\u00eancia em agir dando ao pr\u00f3ximo o incentivo que ele precisa.<\/p>\t\t\t\t\t<\/div>\n\t\t\t\t\t\t<\/div>\n\t\t\t\t<\/div>\n\t\t\t\t\t\t<\/div>\n\t\t\t\t\t<\/div>\n\t\t<\/div>\n\t\t\t\t<div class=\"elementor-column elementor-col-50 elementor-top-column elementor-element elementor-element-28aab1f\" data-id=\"28aab1f\" data-element_type=\"column\">\n\t\t\t<div class=\"elementor-column-wrap elementor-element-populated\">\n\t\t\t\t\t\t\t<div class=\"elementor-widget-wrap\">\n\t\t\t\t\t\t<div class=\"elementor-element elementor-element-5d2432f elementor-invisible elementor-widget elementor-widget-image\" data-id=\"5d2432f\" data-element_type=\"widget\" data-settings=\"{&quot;motion_fx_motion_fx_scrolling&quot;:&quot;yes&quot;,&quot;motion_fx_translateY_effect&quot;:&quot;yes&quot;,&quot;motion_fx_translateY_speed&quot;:{&quot;unit&quot;:&quot;px&quot;,&quot;size&quot;:1.5,&quot;sizes&quot;:[]},&quot;_animation&quot;:&quot;fadeIn&quot;,&quot;motion_fx_translateY_affectedRange&quot;:{&quot;unit&quot;:&quot;%&quot;,&quot;size&quot;:&quot;&quot;,&quot;sizes&quot;:{&quot;start&quot;:0,&quot;end&quot;:100}},&quot;motion_fx_devices&quot;:[&quot;desktop&quot;,&quot;tablet&quot;,&quot;mobile&quot;]}\" data-widget_type=\"image.default\">\n\t\t\t\t<div class=\"elementor-widget-container\">\n\t\t\t\t\t\t\t\t<div class=\"elementor-image\">\n\t\t\t\t\t\t\t\t\t\t\t\t<img width=\"600\" height=\"600\" src=\"https:\/\/veiga.law\/site2\/wp-content\/uploads\/2020\/05\/Orbe-2.jpg\" class=\"attachment-large size-large\" alt=\"\" loading=\"lazy\" srcset=\"https:\/\/veiga.law\/site2\/wp-content\/uploads\/2020\/05\/Orbe-2.jpg 600w, https:\/\/veiga.law\/site2\/wp-content\/uploads\/2020\/05\/Orbe-2-300x300.jpg 300w, https:\/\/veiga.law\/site2\/wp-content\/uploads\/2020\/05\/Orbe-2-150x150.jpg 150w\" sizes=\"(max-width: 600px) 100vw, 600px\" \/>\t\t\t\t\t\t\t\t\t\t\t\t\t\t<\/div>\n\t\t\t\t\t\t<\/div>\n\t\t\t\t<\/div>\n\t\t\t\t\t\t<\/div>\n\t\t\t\t\t<\/div>\n\t\t<\/div>\n\t\t\t\t\t\t\t\t<\/div>\n\t\t\t\t\t<\/div>\n\t\t<\/section>\n\t\t\t\t<section class=\"elementor-section elementor-top-section elementor-element elementor-element-3d967ae elementor-section-full_width elementor-section-height-default elementor-section-height-default\" data-id=\"3d967ae\" data-element_type=\"section\" data-settings=\"{&quot;background_background&quot;:&quot;classic&quot;}\">\n\t\t\t\t\t\t<div class=\"elementor-container elementor-column-gap-default\">\n\t\t\t\t\t\t\t<div class=\"elementor-row\">\n\t\t\t\t\t<div class=\"elementor-column elementor-col-50 elementor-top-column elementor-element elementor-element-8c02c3c\" data-id=\"8c02c3c\" data-element_type=\"column\">\n\t\t\t<div class=\"elementor-column-wrap elementor-element-populated\">\n\t\t\t\t\t\t\t<div class=\"elementor-widget-wrap\">\n\t\t\t\t\t\t<div class=\"elementor-element elementor-element-f050118 elementor-hidden-phone elementor-widget elementor-widget-image\" data-id=\"f050118\" data-element_type=\"widget\" data-settings=\"{&quot;motion_fx_motion_fx_scrolling&quot;:&quot;yes&quot;,&quot;motion_fx_translateY_effect&quot;:&quot;yes&quot;,&quot;motion_fx_translateY_direction&quot;:&quot;negative&quot;,&quot;motion_fx_translateY_speed&quot;:{&quot;unit&quot;:&quot;px&quot;,&quot;size&quot;:1.5,&quot;sizes&quot;:[]},&quot;motion_fx_opacity_effect&quot;:&quot;yes&quot;,&quot;motion_fx_opacity_range&quot;:{&quot;unit&quot;:&quot;%&quot;,&quot;size&quot;:&quot;&quot;,&quot;sizes&quot;:{&quot;start&quot;:15,&quot;end&quot;:40}},&quot;motion_fx_translateY_affectedRange&quot;:{&quot;unit&quot;:&quot;%&quot;,&quot;size&quot;:&quot;&quot;,&quot;sizes&quot;:{&quot;start&quot;:0,&quot;end&quot;:100}},&quot;motion_fx_opacity_direction&quot;:&quot;out-in&quot;,&quot;motion_fx_opacity_level&quot;:{&quot;unit&quot;:&quot;px&quot;,&quot;size&quot;:10,&quot;sizes&quot;:[]},&quot;motion_fx_devices&quot;:[&quot;desktop&quot;,&quot;tablet&quot;,&quot;mobile&quot;]}\" data-widget_type=\"image.default\">\n\t\t\t\t<div class=\"elementor-widget-container\">\n\t\t\t\t\t\t\t\t<div class=\"elementor-image\">\n\t\t\t\t\t\t\t\t\t\t\t\t<img width=\"600\" height=\"600\" src=\"https:\/\/veiga.law\/site2\/wp-content\/uploads\/2020\/05\/Orbe-3.jpg\" class=\"attachment-large size-large\" alt=\"\" loading=\"lazy\" srcset=\"https:\/\/veiga.law\/site2\/wp-content\/uploads\/2020\/05\/Orbe-3.jpg 600w, https:\/\/veiga.law\/site2\/wp-content\/uploads\/2020\/05\/Orbe-3-300x300.jpg 300w, https:\/\/veiga.law\/site2\/wp-content\/uploads\/2020\/05\/Orbe-3-150x150.jpg 150w\" sizes=\"(max-width: 600px) 100vw, 600px\" \/>\t\t\t\t\t\t\t\t\t\t\t\t\t\t<\/div>\n\t\t\t\t\t\t<\/div>\n\t\t\t\t<\/div>\n\t\t\t\t\t\t<\/div>\n\t\t\t\t\t<\/div>\n\t\t<\/div>\n\t\t\t\t<div class=\"elementor-column elementor-col-50 elementor-top-column elementor-element elementor-element-d6428b2 elementor-invisible\" data-id=\"d6428b2\" data-element_type=\"column\" data-settings=\"{&quot;animation&quot;:&quot;fadeIn&quot;,&quot;animation_delay&quot;:500,&quot;motion_fx_motion_fx_scrolling&quot;:&quot;yes&quot;,&quot;motion_fx_opacity_effect&quot;:&quot;yes&quot;,&quot;motion_fx_opacity_range&quot;:{&quot;unit&quot;:&quot;%&quot;,&quot;size&quot;:&quot;&quot;,&quot;sizes&quot;:{&quot;start&quot;:15,&quot;end&quot;:31}},&quot;motion_fx_opacity_direction&quot;:&quot;out-in&quot;,&quot;motion_fx_opacity_level&quot;:{&quot;unit&quot;:&quot;px&quot;,&quot;size&quot;:10,&quot;sizes&quot;:[]},&quot;motion_fx_devices&quot;:[&quot;desktop&quot;,&quot;tablet&quot;,&quot;mobile&quot;]}\">\n\t\t\t<div class=\"elementor-column-wrap elementor-element-populated\">\n\t\t\t\t\t\t\t<div class=\"elementor-widget-wrap\">\n\t\t\t\t\t\t<div class=\"elementor-element elementor-element-77b8594 elementor-hidden-desktop elementor-hidden-tablet elementor-widget elementor-widget-text-editor\" data-id=\"77b8594\" data-element_type=\"widget\" data-settings=\"{&quot;_animation&quot;:&quot;none&quot;,&quot;_animation_delay&quot;:1500}\" data-widget_type=\"text-editor.default\">\n\t\t\t\t<div class=\"elementor-widget-container\">\n\t\t\t\t\t\t\t\t<div class=\"elementor-text-editor elementor-clearfix\">\n\t\t\t\t<p>Essa pr\u00e1tica \u00e9 anterior \u00e0 funda\u00e7\u00e3o do escrit\u00f3rio, vem da cultura familiar do fundador que estimulou isso desde antes do seu nascimento. Ao longo desses 10 anos da trajet\u00f3ria do VEIGA ADVOGADOS, j\u00e1 tivemos 26 institui\u00e7\u00f5es ajudadas e mais de 2.000 crian\u00e7as impactadas e o intuito \u00e9 tornar essa cultura cada vez maior entre nossos colaboradores.<\/p><p>Se voc\u00ea representa alguma institui\u00e7\u00e3o entre em contato pelo formul\u00e1rio abaixo. N\u00f3s queremos ajudar.<\/p>\t\t\t\t\t<\/div>\n\t\t\t\t\t\t<\/div>\n\t\t\t\t<\/div>\n\t\t\t\t<div class=\"elementor-element elementor-element-4b32663 elementor-hidden-phone elementor-widget elementor-widget-text-editor\" data-id=\"4b32663\" data-element_type=\"widget\" data-settings=\"{&quot;_animation&quot;:&quot;none&quot;,&quot;_animation_delay&quot;:1500}\" data-widget_type=\"text-editor.default\">\n\t\t\t\t<div class=\"elementor-widget-container\">\n\t\t\t\t\t\t\t\t<div class=\"elementor-text-editor elementor-clearfix\">\n\t\t\t\t<p>Essa pr\u00e1tica \u00e9 anterior \u00e0 funda\u00e7\u00e3o do escrit\u00f3rio, vem da cultura familiar do fundador que estimulou isso desde antes do seu nascimento. Ao longo desses 10 anos da trajet\u00f3ria do VEIGA ADVOGADOS, j\u00e1 tivemos 26 institui\u00e7\u00f5es ajudadas e mais de 2.000 crian\u00e7as impactadas e o intuito \u00e9 tornar essa cultura cada vez maior entre nossos colaboradores.<\/p><p>Se voc\u00ea representa alguma institui\u00e7\u00e3o entre em contato pelo formul\u00e1rio abaixo. N\u00f3s queremos ajudar.<\/p>\t\t\t\t\t<\/div>\n\t\t\t\t\t\t<\/div>\n\t\t\t\t<\/div>\n\t\t\t\t<div class=\"elementor-element elementor-element-b6c012f elementor-hidden-desktop elementor-hidden-tablet elementor-widget elementor-widget-image\" data-id=\"b6c012f\" data-element_type=\"widget\" data-widget_type=\"image.default\">\n\t\t\t\t<div class=\"elementor-widget-container\">\n\t\t\t\t\t\t\t\t<div class=\"elementor-image\">\n\t\t\t\t\t\t\t\t\t\t\t\t<img width=\"600\" height=\"600\" src=\"https:\/\/veiga.law\/site2\/wp-content\/uploads\/2020\/05\/Orbe-3.jpg\" class=\"attachment-large size-large\" alt=\"\" loading=\"lazy\" srcset=\"https:\/\/veiga.law\/site2\/wp-content\/uploads\/2020\/05\/Orbe-3.jpg 600w, https:\/\/veiga.law\/site2\/wp-content\/uploads\/2020\/05\/Orbe-3-300x300.jpg 300w, https:\/\/veiga.law\/site2\/wp-content\/uploads\/2020\/05\/Orbe-3-150x150.jpg 150w\" sizes=\"(max-width: 600px) 100vw, 600px\" \/>\t\t\t\t\t\t\t\t\t\t\t\t\t\t<\/div>\n\t\t\t\t\t\t<\/div>\n\t\t\t\t<\/div>\n\t\t\t\t\t\t<\/div>\n\t\t\t\t\t<\/div>\n\t\t<\/div>\n\t\t\t\t\t\t\t\t<\/div>\n\t\t\t\t\t<\/div>\n\t\t<\/section>\n\t\t\t\t\t\t\t\t\t<\/div>\n\t\t\t<\/div>\n\t\t\t\t\t<\/div>\n\t\t","protected":false},"excerpt":{"rendered":"<p>veiga social Transformando vidas atrav\u00e9s do senso humanit\u00e1rio que move nossas conex\u00f5es. N\u00e3o h\u00e1 conex\u00e3o maior que nosso senso de humanidade. A VEIGA SOCIAL atua de forma filantr\u00f3pica na busca por um mundo melhor, seja com educa\u00e7\u00e3o, tecnologia ou inova\u00e7\u00e3o. Colaborar com os menos privilegiados \u00e9 a melhor forma de incentivar que verdadeiros talentos sejam [&hellip;]<\/p>\n","protected":false},"author":5,"featured_media":0,"parent":0,"menu_order":0,"comment_status":"closed","ping_status":"closed","template":"elementor_header_footer","meta":[],"acf":[],"yoast_head":"<!-- This site is optimized with the Yoast SEO plugin v19.4 - https:\/\/yoast.com\/wordpress\/plugins\/seo\/ -->\n<title>veiga social - TESTE<\/title>\n<meta name=\"robots\" content=\"index, follow, max-snippet:-1, max-image-preview:large, max-video-preview:-1\" \/>\n<link rel=\"canonical\" href=\"https:\/\/veiga.law\/site2\/veiga-social\/\" \/>\n<meta property=\"og:locale\" content=\"pt_BR\" \/>\n<meta property=\"og:type\" content=\"article\" \/>\n<meta property=\"og:title\" content=\"veiga social - TESTE\" \/>\n<meta property=\"og:description\" content=\"veiga social Transformando vidas atrav\u00e9s do senso humanit\u00e1rio que move nossas conex\u00f5es. N\u00e3o h\u00e1 conex\u00e3o maior que nosso senso de humanidade. A VEIGA SOCIAL atua de forma filantr\u00f3pica na busca por um mundo melhor, seja com educa\u00e7\u00e3o, tecnologia ou inova\u00e7\u00e3o. Colaborar com os menos privilegiados \u00e9 a melhor forma de incentivar que verdadeiros talentos sejam [&hellip;]\" \/>\n<meta property=\"og:url\" content=\"https:\/\/veiga.law\/site2\/veiga-social\/\" \/>\n<meta property=\"og:site_name\" content=\"TESTE\" \/>\n<meta property=\"article:modified_time\" content=\"2020-05-20T16:45:17+00:00\" \/>\n<meta property=\"og:image\" content=\"http:\/\/veiga.law\/wp-content\/uploads\/2020\/05\/Orbe-2.jpg\" \/>\n<meta name=\"twitter:card\" content=\"summary_large_image\" \/>\n<meta name=\"twitter:label1\" content=\"Est. tempo de leitura\" \/>\n\t<meta name=\"twitter:data1\" content=\"2 minutos\" \/>\n<script type=\"application\/ld+json\" class=\"yoast-schema-graph\">{\"@context\":\"https:\/\/schema.org\",\"@graph\":[{\"@type\":\"WebSite\",\"@id\":\"https:\/\/veiga.law\/site2\/#website\",\"url\":\"https:\/\/veiga.law\/site2\/\",\"name\":\"TESTE\",\"description\":\"Boutique de Direito Empresarial em S\u00e3o Paulo, Santo Andr\u00e9, Recife e Miami\",\"potentialAction\":[{\"@type\":\"SearchAction\",\"target\":{\"@type\":\"EntryPoint\",\"urlTemplate\":\"https:\/\/veiga.law\/site2\/?s={search_term_string}\"},\"query-input\":\"required name=search_term_string\"}],\"inLanguage\":\"pt-BR\"},{\"@type\":\"WebPage\",\"@id\":\"https:\/\/veiga.law\/site2\/veiga-social\/\",\"url\":\"https:\/\/veiga.law\/site2\/veiga-social\/\",\"name\":\"veiga social - TESTE\",\"isPartOf\":{\"@id\":\"https:\/\/veiga.law\/site2\/#website\"},\"datePublished\":\"2020-04-23T21:23:10+00:00\",\"dateModified\":\"2020-05-20T16:45:17+00:00\",\"breadcrumb\":{\"@id\":\"https:\/\/veiga.law\/site2\/veiga-social\/#breadcrumb\"},\"inLanguage\":\"pt-BR\",\"potentialAction\":[{\"@type\":\"ReadAction\",\"target\":[\"https:\/\/veiga.law\/site2\/veiga-social\/\"]}]},{\"@type\":\"BreadcrumbList\",\"@id\":\"https:\/\/veiga.law\/site2\/veiga-social\/#breadcrumb\",\"itemListElement\":[{\"@type\":\"ListItem\",\"position\":1,\"name\":\"In\u00edcio\",\"item\":\"https:\/\/veiga.law\/site2\/\"},{\"@type\":\"ListItem\",\"position\":2,\"name\":\"veiga social\"}]}]}<\/script>\n<!-- \/ Yoast SEO plugin. -->","yoast_head_json":{"title":"veiga social - TESTE","robots":{"index":"index","follow":"follow","max-snippet":"max-snippet:-1","max-image-preview":"max-image-preview:large","max-video-preview":"max-video-preview:-1"},"canonical":"https:\/\/veiga.law\/site2\/veiga-social\/","og_locale":"pt_BR","og_type":"article","og_title":"veiga social - TESTE","og_description":"veiga social Transformando vidas atrav\u00e9s do senso humanit\u00e1rio que move nossas conex\u00f5es. N\u00e3o h\u00e1 conex\u00e3o maior que nosso senso de humanidade. A VEIGA SOCIAL atua de forma filantr\u00f3pica na busca por um mundo melhor, seja com educa\u00e7\u00e3o, tecnologia ou inova\u00e7\u00e3o. Colaborar com os menos privilegiados \u00e9 a melhor forma de incentivar que verdadeiros talentos sejam [&hellip;]","og_url":"https:\/\/veiga.law\/site2\/veiga-social\/","og_site_name":"TESTE","article_modified_time":"2020-05-20T16:45:17+00:00","og_image":[{"url":"http:\/\/veiga.law\/wp-content\/uploads\/2020\/05\/Orbe-2.jpg"}],"twitter_card":"summary_large_image","twitter_misc":{"Est. tempo de leitura":"2 minutos"},"schema":{"@context":"https:\/\/schema.org","@graph":[{"@type":"WebSite","@id":"https:\/\/veiga.law\/site2\/#website","url":"https:\/\/veiga.law\/site2\/","name":"TESTE","description":"Boutique de Direito Empresarial em S\u00e3o Paulo, Santo Andr\u00e9, Recife e Miami","potentialAction":[{"@type":"SearchAction","target":{"@type":"EntryPoint","urlTemplate":"https:\/\/veiga.law\/site2\/?s={search_term_string}"},"query-input":"required name=search_term_string"}],"inLanguage":"pt-BR"},{"@type":"WebPage","@id":"https:\/\/veiga.law\/site2\/veiga-social\/","url":"https:\/\/veiga.law\/site2\/veiga-social\/","name":"veiga social - TESTE","isPartOf":{"@id":"https:\/\/veiga.law\/site2\/#website"},"datePublished":"2020-04-23T21:23:10+00:00","dateModified":"2020-05-20T16:45:17+00:00","breadcrumb":{"@id":"https:\/\/veiga.law\/site2\/veiga-social\/#breadcrumb"},"inLanguage":"pt-BR","potentialAction":[{"@type":"ReadAction","target":["https:\/\/veiga.law\/site2\/veiga-social\/"]}]},{"@type":"BreadcrumbList","@id":"https:\/\/veiga.law\/site2\/veiga-social\/#breadcrumb","itemListElement":[{"@type":"ListItem","position":1,"name":"In\u00edcio","item":"https:\/\/veiga.law\/site2\/"},{"@type":"ListItem","position":2,"name":"veiga social"}]}]}},"_links":{"self":[{"href":"https:\/\/veiga.law\/site2\/wp-json\/wp\/v2\/pages\/1738"}],"collection":[{"href":"https:\/\/veiga.law\/site2\/wp-json\/wp\/v2\/pages"}],"about":[{"href":"https:\/\/veiga.law\/site2\/wp-json\/wp\/v2\/types\/page"}],"author":[{"embeddable":true,"href":"https:\/\/veiga.law\/site2\/wp-json\/wp\/v2\/users\/5"}],"replies":[{"embeddable":true,"href":"https:\/\/veiga.law\/site2\/wp-json\/wp\/v2\/comments?post=1738"}],"version-history":[{"count":19,"href":"https:\/\/veiga.law\/site2\/wp-json\/wp\/v2\/pages\/1738\/revisions"}],"predecessor-version":[{"id":2693,"href":"https:\/\/veiga.law\/site2\/wp-json\/wp\/v2\/pages\/1738\/revisions\/2693"}],"wp:attachment":[{"href":"https:\/\/veiga.law\/site2\/wp-json\/wp\/v2\/media?parent=1738"}],"curies":[{"name":"wp","href":"https:\/\/api.w.org\/{rel}","templated":true}]}}